{"id":4814,"date":"2026-05-12T16:55:51","date_gmt":"2026-05-12T14:55:51","guid":{"rendered":"https:\/\/www.valldelcorb.cat\/espacio-de-transparencia\/"},"modified":"2026-05-14T17:10:23","modified_gmt":"2026-05-14T15:10:23","slug":"espacio-de-transparencia","status":"publish","type":"page","link":"https:\/\/www.valldelcorb.cat\/es\/espacio-de-transparencia\/","title":{"rendered":"Espacio de Transparencia"},"content":{"rendered":"\t\t<div data-elementor-type=\"wp-page\" data-elementor-id=\"4814\" class=\"elementor elementor-4814 elementor-4778\" data-elementor-post-type=\"page\">\n\t\t\t\t<div class=\"elementor-element elementor-element-632d50e e-flex e-con-boxed e-con e-parent\" data-id=\"632d50e\" data-element_type=\"container\" data-e-type=\"container\">\n\t\t\t\t\t<div class=\"e-con-inner\">\n\t\t\t\t<div class=\"elementor-element elementor-element-84ec85a elementor-widget elementor-widget-heading\" data-id=\"84ec85a\" data-element_type=\"widget\" data-e-type=\"widget\" data-widget_type=\"heading.default\">\n\t\t\t\t<div class=\"elementor-widget-container\">\n\t\t\t\t\t<h1 class=\"elementor-heading-title elementor-size-default\">ESPACIO DE TRANSPARENCIA<\/h1>\t\t\t\t<\/div>\n\t\t\t\t<\/div>\n\t\t\t\t<div class=\"elementor-element elementor-element-dd51165 elementor-widget elementor-widget-heading\" data-id=\"dd51165\" data-element_type=\"widget\" data-e-type=\"widget\" data-widget_type=\"heading.default\">\n\t\t\t\t<div class=\"elementor-widget-container\">\n\t\t\t\t\t<h2 class=\"elementor-heading-title elementor-size-default\"><span style=\"color: inherit;font-family: inherit;font-size: 2rem;font-weight: 500\">MISI\u00d3N Y VISI\u00d3N<\/span><\/h2>\t\t\t\t<\/div>\n\t\t\t\t<\/div>\n\t\t\t\t\t<\/div>\n\t\t\t\t<\/div>\n\t\t<div class=\"elementor-element elementor-element-65579ba e-flex e-con-boxed e-con e-parent\" data-id=\"65579ba\" data-element_type=\"container\" data-e-type=\"container\">\n\t\t\t\t\t<div class=\"e-con-inner\">\n\t\t\t\t<div class=\"elementor-element elementor-element-7b1c8ff elementor-widget elementor-widget-text-editor\" data-id=\"7b1c8ff\" data-element_type=\"widget\" data-e-type=\"widget\" data-widget_type=\"text-editor.default\">\n\t\t\t\t<div class=\"elementor-widget-container\">\n\t\t\t\t\t\t\t\t\t<p>Con la denominaci\u00f3n &lt;&lt;Asociaci\u00f3n para el desarrollo integral del Valle del Cuervo&gt;&gt; se constituye la asociaci\u00f3n, que, al amparo del art\u00edculo 22 de la constituci\u00f3n, regular\u00e1 sus actividades de acuerdo con la Ley 4\/2008, de 24 de abril, del libro tercero del C\u00f3digo civil de Catalu\u00f1a, relativo a las personas<\/p><p>Desde el a\u00f1o 2000, la Asociaci\u00f3n para el desarrollo integral del Valle del Corb re\u00fane a productoras, elaboradoras, artesanas, restauradoras, alojamientos rurales y tiendas, as\u00ed como entidades y personas apasionadas por este Valle.<\/p>\t\t\t\t\t\t\t\t<\/div>\n\t\t\t\t<\/div>\n\t\t\t\t\t<\/div>\n\t\t\t\t<\/div>\n\t\t<div class=\"elementor-element elementor-element-60f76c6 e-flex e-con-boxed e-con e-parent\" data-id=\"60f76c6\" data-element_type=\"container\" data-e-type=\"container\">\n\t\t\t\t\t<div class=\"e-con-inner\">\n\t\t\t\t<div class=\"elementor-element elementor-element-e75e403 elementor-widget elementor-widget-heading\" data-id=\"e75e403\" data-element_type=\"widget\" data-e-type=\"widget\" data-widget_type=\"heading.default\">\n\t\t\t\t<div class=\"elementor-widget-container\">\n\t\t\t\t\t<h2 class=\"elementor-heading-title elementor-size-default\"><span style=\"color: inherit;font-family: inherit;font-size: 2rem;font-weight: 500\">OBJETIVOS<\/span><\/h2>\t\t\t\t<\/div>\n\t\t\t\t<\/div>\n\t\t\t\t\t<\/div>\n\t\t\t\t<\/div>\n\t\t<div class=\"elementor-element elementor-element-21b45e1 e-flex e-con-boxed e-con e-parent\" data-id=\"21b45e1\" data-element_type=\"container\" data-e-type=\"container\">\n\t\t\t\t\t<div class=\"e-con-inner\">\n\t\t\t\t<div class=\"elementor-element elementor-element-7ba70dd elementor-widget elementor-widget-text-editor\" data-id=\"7ba70dd\" data-element_type=\"widget\" data-e-type=\"widget\" data-widget_type=\"text-editor.default\">\n\t\t\t\t<div class=\"elementor-widget-container\">\n\t\t\t\t\t\t\t\t\t<p>Los fines de la asociaci\u00f3n son, sin \u00e1nimo de lucro, los siguientes:<\/p><ul><li style=\"list-style-type: none;\"><ul><li>Dinamizar socialmente a los pueblos del Valle del Corb (Lleida-Tarragona), potenciando actividades que garanticen el conocimiento mutuo y la valorizaci\u00f3n de los recursos existentes.<\/li><\/ul><\/li><\/ul><ul><li style=\"list-style-type: none;\"><ul><li>Promover el conocimiento y estudio de las diferentes realidades que configuran el Valle del Corb y garantizar su difusi\u00f3n.<\/li><\/ul><\/li><\/ul><ul><li style=\"list-style-type: none;\"><ul><li>Estimular la creaci\u00f3n y consolidaci\u00f3n de iniciativas que contribuyan al desarrollo y la protecci\u00f3n del medio natural del Valle del Corb, alentando a la poblaci\u00f3n local, especialmente a la infantil y juvenil, y garantizando su implicaci\u00f3n en la econom\u00eda de la zona.<\/li><\/ul><\/li><\/ul><ul><li style=\"list-style-type: none;\"><ul><li>Llevar a cabo actividades de comunicaci\u00f3n social que den a conocer el Valle del Corb y sus valores y ofertas para los visitantes y\/o turistas.<\/li><\/ul><\/li><\/ul><ul><li style=\"list-style-type: none;\"><ul><li>Redacci\u00f3n, edici\u00f3n y publicaci\u00f3n de publicaciones peri\u00f3dicas y textos de difusi\u00f3n que pongan en valor el Valle del Corb, su patrimonio, su historia y sus valores.<\/li><\/ul><\/li><\/ul>\t\t\t\t\t\t\t\t<\/div>\n\t\t\t\t<\/div>\n\t\t\t\t\t<\/div>\n\t\t\t\t<\/div>\n\t\t<div class=\"elementor-element elementor-element-db4c300 e-flex e-con-boxed e-con e-parent\" data-id=\"db4c300\" data-element_type=\"container\" data-e-type=\"container\">\n\t\t\t\t\t<div class=\"e-con-inner\">\n\t\t\t\t<div class=\"elementor-element elementor-element-ddaa250 elementor-widget elementor-widget-heading\" data-id=\"ddaa250\" data-element_type=\"widget\" data-e-type=\"widget\" data-widget_type=\"heading.default\">\n\t\t\t\t<div class=\"elementor-widget-container\">\n\t\t\t\t\t<h2 class=\"elementor-heading-title elementor-size-default\">COMPOSICI\u00d3N DEL CONSEJO RECTOR<\/h2>\t\t\t\t<\/div>\n\t\t\t\t<\/div>\n\t\t\t\t\t<\/div>\n\t\t\t\t<\/div>\n\t\t<div class=\"elementor-element elementor-element-28ada45 e-flex e-con-boxed e-con e-parent\" data-id=\"28ada45\" data-element_type=\"container\" data-e-type=\"container\">\n\t\t\t\t\t<div class=\"e-con-inner\">\n\t\t\t\t<div class=\"elementor-element elementor-element-82e0ba6 elementor-widget elementor-widget-text-editor\" data-id=\"82e0ba6\" data-element_type=\"widget\" data-e-type=\"widget\" data-widget_type=\"text-editor.default\">\n\t\t\t\t<div class=\"elementor-widget-container\">\n\t\t\t\t\t\t\t\t\t<p>Presidenta: Marta Capdevila Guasch. A renovar: 22\/04\/2027 <\/p><p>Secretaria: Natacha Flora Filippi. A renovar: 22\/04\/2027 <\/p><p>Tesorero: Joan Muntan\u00e9 Raich. A renovar: 22\/04\/2027 <\/p><p>Vocal: Mariela Pilar Bentancor Calvete. A renovar: 22\/04\/2027 <\/p><p>Vocal: Guillem Figueras Moreu. A renovar: 22\/04\/2027 <\/p><p>Vocal: Pau Moragas Bouyat. A renovar: 22\/04\/2027 <\/p><p>Vocal: Nativitat Ninot Bonell. A renovar: 22\/04\/2027 <\/p><p>Vocal: Ignasi Queralt\u00f3 Huerva. A renovar: 22\/04\/2027 <\/p><p>Vocal: Adri\u00e1n Pablo Trepat Aragona. A renovar: 22\/04\/2027 <\/p><p>Vocal: Robert Guerau Valls Figuera. A renovar: 22\/04\/2027 <\/p>\t\t\t\t\t\t\t\t<\/div>\n\t\t\t\t<\/div>\n\t\t\t\t\t<\/div>\n\t\t\t\t<\/div>\n\t\t<div class=\"elementor-element elementor-element-b3d18bd e-flex e-con-boxed e-con e-parent\" data-id=\"b3d18bd\" data-element_type=\"container\" data-e-type=\"container\">\n\t\t\t\t\t<div class=\"e-con-inner\">\n\t\t\t\t<div class=\"elementor-element elementor-element-6857fe9 elementor-widget elementor-widget-heading\" data-id=\"6857fe9\" data-element_type=\"widget\" data-e-type=\"widget\" data-widget_type=\"heading.default\">\n\t\t\t\t<div class=\"elementor-widget-container\">\n\t\t\t\t\t<h2 class=\"elementor-heading-title elementor-size-default\">ESTATUTOS<\/h2>\t\t\t\t<\/div>\n\t\t\t\t<\/div>\n\t\t\t\t\t<\/div>\n\t\t\t\t<\/div>\n\t\t<div class=\"elementor-element elementor-element-71430a5 e-flex e-con-boxed e-con e-parent\" data-id=\"71430a5\" data-element_type=\"container\" data-e-type=\"container\">\n\t\t\t\t\t<div class=\"e-con-inner\">\n\t\t\t\t<div class=\"elementor-element elementor-element-5c1a29f elementor-widget elementor-widget-text-editor\" data-id=\"5c1a29f\" data-element_type=\"widget\" data-e-type=\"widget\" data-widget_type=\"text-editor.default\">\n\t\t\t\t<div class=\"elementor-widget-container\">\n\t\t\t\t\t\t\t\t\t<p>La Asociaci\u00f3n para el desarrollo integral del Valle del Corb est\u00e1 regido por sus estatutos, que puedes consultar aqu\u00ed.<\/p>\n<ul>\n<li style=\"list-style-type: none;\">\n<ul>\n<li><a href=\"https:\/\/www.valldelcorb.cat\/wp-content\/uploads\/2026\/05\/Estatuts-Associacio-2025.pdf\">ESTATUTOS<\/a><\/li>\n<li>MEMORIA ECON\u00d3MICA: En cumplimiento de la ley de transparencia, puede consultar nuestras memorias econ\u00f3micas anuales a continuaci\u00f3n:\n<ul>\n<li><a href=\"https:\/\/www.valldelcorb.cat\/wp-content\/uploads\/2026\/05\/memoria-economica-2020.pdf\">Memoria Econ\u00f3mica 2020<\/a><\/li>\n<li><a href=\"https:\/\/www.valldelcorb.cat\/wp-content\/uploads\/2026\/05\/memoria-economica-2021.pdf\">Memoria Econ\u00f3mica 2021<\/a><\/li>\n<li><a href=\"https:\/\/www.valldelcorb.cat\/wp-content\/uploads\/2026\/05\/memoria-economica-2022.pdf\">Memoria Econ\u00f3mica 2022<\/a><\/li>\n<li><a href=\"https:\/\/www.valldelcorb.cat\/wp-content\/uploads\/2026\/05\/memoria-economica-2023.pdf\">Memoria Econ\u00f3mica 2023<\/a><\/li>\n<li><a href=\"https:\/\/www.valldelcorb.cat\/wp-content\/uploads\/2026\/05\/memoria-economica-2024.pdf\">Memoria Econ\u00f3mica 2024<\/a><\/li>\n<\/ul>\n<\/li>\n<li>SUBVENCIONS<\/li>\n<\/ul>\n<\/li>\n<\/ul>\t\t\t\t\t\t\t\t<\/div>\n\t\t\t\t<\/div>\n\t\t\t\t\t<\/div>\n\t\t\t\t<\/div>\n\t\t\t\t<\/div>\n\t\t","protected":false},"excerpt":{"rendered":"<p>ESPACIO DE TRANSPARENCIA MISI\u00d3N Y VISI\u00d3N Con la denominaci\u00f3n &lt;&lt;Asociaci\u00f3n para el desarrollo integral del Valle del Cuervo&gt;&gt; se constituye la asociaci\u00f3n, que, al amparo del art\u00edculo 22 de la [&hellip;]<\/p>\n","protected":false},"author":1,"featured_media":0,"parent":0,"menu_order":0,"comment_status":"closed","ping_status":"closed","template":"","meta":{"_acf_changed":false,"footnotes":""},"class_list":["post-4814","page","type-page","status-publish","hentry"],"acf":[],"yoast_head":"<!-- This site is optimized with the Yoast SEO plugin v27.6 - https:\/\/yoast.com\/product\/yoast-seo-wordpress\/ -->\n<title>Espacio de Transparencia - Valldelcorb<\/title>\n<meta name=\"robots\" content=\"index, follow, max-snippet:-1, max-image-preview:large, max-video-preview:-1\" \/>\n<link rel=\"canonical\" href=\"https:\/\/www.valldelcorb.cat\/es\/espacio-de-transparencia\/\" \/>\n<meta property=\"og:locale\" content=\"es_ES\" \/>\n<meta property=\"og:type\" content=\"article\" \/>\n<meta property=\"og:title\" content=\"Espacio de Transparencia - Valldelcorb\" \/>\n<meta property=\"og:description\" content=\"ESPACIO DE TRANSPARENCIA MISI\u00d3N Y VISI\u00d3N Con la denominaci\u00f3n &lt;&lt;Asociaci\u00f3n para el desarrollo integral del Valle del Cuervo&gt;&gt; se constituye la asociaci\u00f3n, que, al amparo del art\u00edculo 22 de la [&hellip;]\" \/>\n<meta property=\"og:url\" content=\"https:\/\/www.valldelcorb.cat\/es\/espacio-de-transparencia\/\" \/>\n<meta property=\"og:site_name\" content=\"Valldelcorb\" \/>\n<meta property=\"article:modified_time\" content=\"2026-05-14T15:10:23+00:00\" \/>\n<meta name=\"twitter:card\" content=\"summary_large_image\" \/>\n<meta name=\"twitter:label1\" content=\"Tiempo de lectura\" \/>\n\t<meta name=\"twitter:data1\" content=\"2 minutos\" \/>\n<script type=\"application\/ld+json\" class=\"yoast-schema-graph\">{\"@context\":\"https:\\\/\\\/schema.org\",\"@graph\":[{\"@type\":\"WebPage\",\"@id\":\"https:\\\/\\\/www.valldelcorb.cat\\\/es\\\/espacio-de-transparencia\\\/\",\"url\":\"https:\\\/\\\/www.valldelcorb.cat\\\/es\\\/espacio-de-transparencia\\\/\",\"name\":\"Espacio de Transparencia - Valldelcorb\",\"isPartOf\":{\"@id\":\"https:\\\/\\\/www.valldelcorb.cat\\\/es\\\/#website\"},\"datePublished\":\"2026-05-12T14:55:51+00:00\",\"dateModified\":\"2026-05-14T15:10:23+00:00\",\"breadcrumb\":{\"@id\":\"https:\\\/\\\/www.valldelcorb.cat\\\/es\\\/espacio-de-transparencia\\\/#breadcrumb\"},\"inLanguage\":\"es\",\"potentialAction\":[{\"@type\":\"ReadAction\",\"target\":[\"https:\\\/\\\/www.valldelcorb.cat\\\/es\\\/espacio-de-transparencia\\\/\"]}]},{\"@type\":\"BreadcrumbList\",\"@id\":\"https:\\\/\\\/www.valldelcorb.cat\\\/es\\\/espacio-de-transparencia\\\/#breadcrumb\",\"itemListElement\":[{\"@type\":\"ListItem\",\"position\":1,\"name\":\"Inici\",\"item\":\"https:\\\/\\\/www.valldelcorb.cat\\\/es\\\/home\\\/\"},{\"@type\":\"ListItem\",\"position\":2,\"name\":\"Espacio de Transparencia\"}]},{\"@type\":\"WebSite\",\"@id\":\"https:\\\/\\\/www.valldelcorb.cat\\\/es\\\/#website\",\"url\":\"https:\\\/\\\/www.valldelcorb.cat\\\/es\\\/\",\"name\":\"Valldelcorb\",\"description\":\"\",\"publisher\":{\"@id\":\"https:\\\/\\\/www.valldelcorb.cat\\\/es\\\/#organization\"},\"potentialAction\":[{\"@type\":\"SearchAction\",\"target\":{\"@type\":\"EntryPoint\",\"urlTemplate\":\"https:\\\/\\\/www.valldelcorb.cat\\\/es\\\/?s={search_term_string}\"},\"query-input\":{\"@type\":\"PropertyValueSpecification\",\"valueRequired\":true,\"valueName\":\"search_term_string\"}}],\"inLanguage\":\"es\"},{\"@type\":\"Organization\",\"@id\":\"https:\\\/\\\/www.valldelcorb.cat\\\/es\\\/#organization\",\"name\":\"Valldelcorb\",\"url\":\"https:\\\/\\\/www.valldelcorb.cat\\\/es\\\/\",\"logo\":{\"@type\":\"ImageObject\",\"inLanguage\":\"es\",\"@id\":\"https:\\\/\\\/www.valldelcorb.cat\\\/es\\\/#\\\/schema\\\/logo\\\/image\\\/\",\"url\":\"https:\\\/\\\/www.valldelcorb.cat\\\/wp-content\\\/uploads\\\/2024\\\/01\\\/logo.svg\",\"contentUrl\":\"https:\\\/\\\/www.valldelcorb.cat\\\/wp-content\\\/uploads\\\/2024\\\/01\\\/logo.svg\",\"caption\":\"Valldelcorb\"},\"image\":{\"@id\":\"https:\\\/\\\/www.valldelcorb.cat\\\/es\\\/#\\\/schema\\\/logo\\\/image\\\/\"}}]}<\/script>\n<!-- \/ Yoast SEO plugin. -->","yoast_head_json":{"title":"Espacio de Transparencia - Valldelcorb","robots":{"index":"index","follow":"follow","max-snippet":"max-snippet:-1","max-image-preview":"max-image-preview:large","max-video-preview":"max-video-preview:-1"},"canonical":"https:\/\/www.valldelcorb.cat\/es\/espacio-de-transparencia\/","og_locale":"es_ES","og_type":"article","og_title":"Espacio de Transparencia - Valldelcorb","og_description":"ESPACIO DE TRANSPARENCIA MISI\u00d3N Y VISI\u00d3N Con la denominaci\u00f3n &lt;&lt;Asociaci\u00f3n para el desarrollo integral del Valle del Cuervo&gt;&gt; se constituye la asociaci\u00f3n, que, al amparo del art\u00edculo 22 de la [&hellip;]","og_url":"https:\/\/www.valldelcorb.cat\/es\/espacio-de-transparencia\/","og_site_name":"Valldelcorb","article_modified_time":"2026-05-14T15:10:23+00:00","twitter_card":"summary_large_image","twitter_misc":{"Tiempo de lectura":"2 minutos"},"schema":{"@context":"https:\/\/schema.org","@graph":[{"@type":"WebPage","@id":"https:\/\/www.valldelcorb.cat\/es\/espacio-de-transparencia\/","url":"https:\/\/www.valldelcorb.cat\/es\/espacio-de-transparencia\/","name":"Espacio de Transparencia - Valldelcorb","isPartOf":{"@id":"https:\/\/www.valldelcorb.cat\/es\/#website"},"datePublished":"2026-05-12T14:55:51+00:00","dateModified":"2026-05-14T15:10:23+00:00","breadcrumb":{"@id":"https:\/\/www.valldelcorb.cat\/es\/espacio-de-transparencia\/#breadcrumb"},"inLanguage":"es","potentialAction":[{"@type":"ReadAction","target":["https:\/\/www.valldelcorb.cat\/es\/espacio-de-transparencia\/"]}]},{"@type":"BreadcrumbList","@id":"https:\/\/www.valldelcorb.cat\/es\/espacio-de-transparencia\/#breadcrumb","itemListElement":[{"@type":"ListItem","position":1,"name":"Inici","item":"https:\/\/www.valldelcorb.cat\/es\/home\/"},{"@type":"ListItem","position":2,"name":"Espacio de Transparencia"}]},{"@type":"WebSite","@id":"https:\/\/www.valldelcorb.cat\/es\/#website","url":"https:\/\/www.valldelcorb.cat\/es\/","name":"Valldelcorb","description":"","publisher":{"@id":"https:\/\/www.valldelcorb.cat\/es\/#organization"},"potentialAction":[{"@type":"SearchAction","target":{"@type":"EntryPoint","urlTemplate":"https:\/\/www.valldelcorb.cat\/es\/?s={search_term_string}"},"query-input":{"@type":"PropertyValueSpecification","valueRequired":true,"valueName":"search_term_string"}}],"inLanguage":"es"},{"@type":"Organization","@id":"https:\/\/www.valldelcorb.cat\/es\/#organization","name":"Valldelcorb","url":"https:\/\/www.valldelcorb.cat\/es\/","logo":{"@type":"ImageObject","inLanguage":"es","@id":"https:\/\/www.valldelcorb.cat\/es\/#\/schema\/logo\/image\/","url":"https:\/\/www.valldelcorb.cat\/wp-content\/uploads\/2024\/01\/logo.svg","contentUrl":"https:\/\/www.valldelcorb.cat\/wp-content\/uploads\/2024\/01\/logo.svg","caption":"Valldelcorb"},"image":{"@id":"https:\/\/www.valldelcorb.cat\/es\/#\/schema\/logo\/image\/"}}]}},"_links":{"self":[{"href":"https:\/\/www.valldelcorb.cat\/es\/wp-json\/wp\/v2\/pages\/4814","targetHints":{"allow":["GET"]}}],"collection":[{"href":"https:\/\/www.valldelcorb.cat\/es\/wp-json\/wp\/v2\/pages"}],"about":[{"href":"https:\/\/www.valldelcorb.cat\/es\/wp-json\/wp\/v2\/types\/page"}],"author":[{"embeddable":true,"href":"https:\/\/www.valldelcorb.cat\/es\/wp-json\/wp\/v2\/users\/1"}],"replies":[{"embeddable":true,"href":"https:\/\/www.valldelcorb.cat\/es\/wp-json\/wp\/v2\/comments?post=4814"}],"version-history":[{"count":1,"href":"https:\/\/www.valldelcorb.cat\/es\/wp-json\/wp\/v2\/pages\/4814\/revisions"}],"predecessor-version":[{"id":4815,"href":"https:\/\/www.valldelcorb.cat\/es\/wp-json\/wp\/v2\/pages\/4814\/revisions\/4815"}],"wp:attachment":[{"href":"https:\/\/www.valldelcorb.cat\/es\/wp-json\/wp\/v2\/media?parent=4814"}],"curies":[{"name":"wp","href":"https:\/\/api.w.org\/{rel}","templated":true}]}}